{"id":7,"date":"2020-03-14T16:51:08","date_gmt":"2020-03-14T16:51:08","guid":{"rendered":"https:\/\/keristuff.ch\/?page_id=7"},"modified":"2020-08-18T17:25:04","modified_gmt":"2020-08-18T17:25:04","slug":"ueber-uns","status":"publish","type":"page","link":"https:\/\/keristuff.ch\/","title":{"rendered":"Willkommen!"},"content":{"rendered":"\n<p>Diese Seite ist aufgrund der Coronakrise entstanden. Einige Artikel sind nicht mehr aktuell. Sie bleiben trotzdem bestehen als Erinnerung an diese spezielle Zeit. <\/p>\n\n\n\n<p>Liebe Lernende der A3, diese Plattform soll Euch die M\u00f6glichkeit geben, zus\u00e4tzliche Informationen zu verschiedensten Themen zu erhalten.<\/p>\n\n\n\n<p>Ich w\u00fcnsche Euch viel Spass beim st\u00f6bern!<\/p>\n","protected":false},"excerpt":{"rendered":"<p>Diese Seite ist aufgrund der Coronakrise entstanden. Einige Artikel sind nicht mehr aktuell. Sie bleiben trotzdem bestehen als Erinnerung an diese spezielle Zeit. Liebe Lernende der A3, diese Plattform soll Euch die M\u00f6glichkeit geben, zus\u00e4tzliche Informationen zu verschiedensten Themen zu erhalten. Ich w\u00fcnsche Euch viel Spass beim st\u00f6bern!<\/p>\n","protected":false},"author":1,"featured_media":0,"parent":0,"menu_order":0,"comment_status":"closed","ping_status":"closed","template":"","meta":{"footnotes":""},"class_list":["post-7","page","type-page","status-publish","hentry"],"_links":{"self":[{"href":"https:\/\/keristuff.ch\/index.php\/wp-json\/wp\/v2\/pages\/7","targetHints":{"allow":["GET"]}}],"collection":[{"href":"https:\/\/keristuff.ch\/index.php\/wp-json\/wp\/v2\/pages"}],"about":[{"href":"https:\/\/keristuff.ch\/index.php\/wp-json\/wp\/v2\/types\/page"}],"author":[{"embeddable":true,"href":"https:\/\/keristuff.ch\/index.php\/wp-json\/wp\/v2\/users\/1"}],"replies":[{"embeddable":true,"href":"https:\/\/keristuff.ch\/index.php\/wp-json\/wp\/v2\/comments?post=7"}],"version-history":[{"count":5,"href":"https:\/\/keristuff.ch\/index.php\/wp-json\/wp\/v2\/pages\/7\/revisions"}],"predecessor-version":[{"id":298,"href":"https:\/\/keristuff.ch\/index.php\/wp-json\/wp\/v2\/pages\/7\/revisions\/298"}],"wp:attachment":[{"href":"https:\/\/keristuff.ch\/index.php\/wp-json\/wp\/v2\/media?parent=7"}],"curies":[{"name":"wp","href":"https:\/\/api.w.org\/{rel}","templated":true}]}}